{"id":547,"date":"2026-02-04T21:23:04","date_gmt":"2026-02-04T21:23:04","guid":{"rendered":"https:\/\/maryzgallery.com\/?post_type=product&#038;p=547"},"modified":"2026-02-05T07:35:51","modified_gmt":"2026-02-05T07:35:51","slug":"dualidades","status":"publish","type":"product","link":"https:\/\/maryzgallery.com\/en\/product\/dualidades\/","title":{"rendered":"Dualidades"},"content":{"rendered":"<p><strong>Descripci\u00f3n<\/strong>: Esta es una obra de d\u00edpticos que combina materiales org\u00e1nicos y tradicionales para explorar las texturas y tonalidades \u00fanicas que surgen de la interacci\u00f3n entre el enduido, la pintura acr\u00edlica y el caf\u00e9. La propuesta art\u00edstica refleja un di\u00e1logo entre lo cotidiano y lo expresivo, resaltando la versatilidad de los materiales y\u00a0 la experimentaci\u00f3n.<\/p>\n<p><strong>Dimensiones:<\/strong> 100\u00a0 x 100 cms cada uno.<\/p>\n<p><strong>T\u00e9cnica:<\/strong> enduido, pintura acr\u00edlica y caf\u00e9. Terminaci\u00f3n en barniz mate.<\/p>\n<p><strong>Soporte:<\/strong> bastidor de 4 cms de espesor en madera de pino. Tela lienzo grueso 100% algod\u00f3n. 2 capas de imprimaci\u00f3n.<\/p>\n<p><strong>Peso aproximado<\/strong>: 5 kilos cada uno<\/p>\n<p><strong>Fecha de creaci\u00f3n:<\/strong> Abril 2025.<\/p>\n<p><strong>Estilo:<\/strong> Abstracto.<\/p>\n<p><strong>Estado de conservaci\u00f3n:<\/strong> Excelente.<\/p>\n<p>&nbsp;<\/p>","protected":false},"excerpt":{"rendered":"<p>Descripci\u00f3n: Esta es una obra de d\u00edpticos que combina materiales org\u00e1nicos y tradicionales para explorar las texturas y tonalidades \u00fanicas que surgen de la interacci\u00f3n entre el enduido, la pintura acr\u00edlica y el caf\u00e9. La propuesta art\u00edstica refleja un di\u00e1logo entre lo cotidiano y lo expresivo, resaltando la versatilidad de los materiales y\u00a0 la experimentaci\u00f3n. [&#8230;]","protected":false},"featured_media":561,"template":"","meta":{"_joinchat":[]},"product_brand":[],"product_cat":[25],"product_tag":[],"class_list":{"0":"post-547","1":"product","2":"type-product","3":"status-publish","4":"has-post-thumbnail","6":"product_cat-obras","8":"first","9":"instock","10":"sold-individually","11":"shipping-taxable","12":"purchasable","13":"product-type-simple"},"_links":{"self":[{"href":"https:\/\/maryzgallery.com\/en\/wp-json\/wp\/v2\/product\/547","targetHints":{"allow":["GET"]}}],"collection":[{"href":"https:\/\/maryzgallery.com\/en\/wp-json\/wp\/v2\/product"}],"about":[{"href":"https:\/\/maryzgallery.com\/en\/wp-json\/wp\/v2\/types\/product"}],"wp:featuredmedia":[{"embeddable":true,"href":"https:\/\/maryzgallery.com\/en\/wp-json\/wp\/v2\/media\/561"}],"wp:attachment":[{"href":"https:\/\/maryzgallery.com\/en\/wp-json\/wp\/v2\/media?parent=547"}],"wp:term":[{"taxonomy":"product_brand","embeddable":true,"href":"https:\/\/maryzgallery.com\/en\/wp-json\/wp\/v2\/product_brand?post=547"},{"taxonomy":"product_cat","embeddable":true,"href":"https:\/\/maryzgallery.com\/en\/wp-json\/wp\/v2\/product_cat?post=547"},{"taxonomy":"product_tag","embeddable":true,"href":"https:\/\/maryzgallery.com\/en\/wp-json\/wp\/v2\/product_tag?post=547"}],"curies":[{"name":"wp","href":"https:\/\/api.w.org\/{rel}","templated":true}]}}