{"id":333,"date":"2025-06-10T17:22:55","date_gmt":"2025-06-10T17:22:55","guid":{"rendered":"https:\/\/maryzgallery.com\/?post_type=product&#038;p=333"},"modified":"2026-02-05T07:40:24","modified_gmt":"2026-02-05T07:40:24","slug":"fly","status":"publish","type":"product","link":"https:\/\/maryzgallery.com\/en\/product\/fly\/","title":{"rendered":"Fly"},"content":{"rendered":"<p><strong>Dimensiones<\/strong> de cada pieza: 100 cms x 100 cms (cada cuadro\/sin marco).<\/p>\n<p><strong>T\u00e9cnica: <\/strong>mixta con enduido y pintura acr\u00edlica.<\/p>\n<p><strong>Terminaci\u00f3n:<\/strong>\u00a0barniz semibrillo.<\/p>\n<p><strong>Bastidores<\/strong>: madera de pino de excelente calidad. Tela lienzo grueso 100% algod\u00f3n. 2<br \/>\ncapas de imprimaci\u00f3n.<\/p>\n<p><strong>Marcos:<\/strong> madera color natural y borde negro.<\/p>\n<p><strong>Peso<\/strong> aprox. cada pieza: 6 kilos.<\/p>\n<p>&nbsp;<\/p>","protected":false},"excerpt":{"rendered":"<p>Dimensiones de cada pieza: 100 cms x 100 cms (cada cuadro\/sin marco). T\u00e9cnica: mixta con enduido y pintura acr\u00edlica. Terminaci\u00f3n:\u00a0barniz semibrillo. Bastidores: madera de pino de excelente calidad. Tela lienzo grueso 100% algod\u00f3n. 2 capas de imprimaci\u00f3n. Marcos: madera color natural y borde negro. Peso aprox. cada pieza: 6 kilos. &nbsp;<\/p>","protected":false},"featured_media":534,"template":"","meta":{"_joinchat":[]},"product_brand":[],"product_cat":[25],"product_tag":[],"class_list":{"0":"post-333","1":"product","2":"type-product","3":"status-publish","4":"has-post-thumbnail","6":"product_cat-obras","8":"first","9":"outofstock","10":"sold-individually","11":"shipping-taxable","12":"purchasable","13":"product-type-simple"},"_links":{"self":[{"href":"https:\/\/maryzgallery.com\/en\/wp-json\/wp\/v2\/product\/333","targetHints":{"allow":["GET"]}}],"collection":[{"href":"https:\/\/maryzgallery.com\/en\/wp-json\/wp\/v2\/product"}],"about":[{"href":"https:\/\/maryzgallery.com\/en\/wp-json\/wp\/v2\/types\/product"}],"wp:featuredmedia":[{"embeddable":true,"href":"https:\/\/maryzgallery.com\/en\/wp-json\/wp\/v2\/media\/534"}],"wp:attachment":[{"href":"https:\/\/maryzgallery.com\/en\/wp-json\/wp\/v2\/media?parent=333"}],"wp:term":[{"taxonomy":"product_brand","embeddable":true,"href":"https:\/\/maryzgallery.com\/en\/wp-json\/wp\/v2\/product_brand?post=333"},{"taxonomy":"product_cat","embeddable":true,"href":"https:\/\/maryzgallery.com\/en\/wp-json\/wp\/v2\/product_cat?post=333"},{"taxonomy":"product_tag","embeddable":true,"href":"https:\/\/maryzgallery.com\/en\/wp-json\/wp\/v2\/product_tag?post=333"}],"curies":[{"name":"wp","href":"https:\/\/api.w.org\/{rel}","templated":true}]}}