{"id":301,"date":"2025-06-10T17:04:01","date_gmt":"2025-06-10T17:04:01","guid":{"rendered":"https:\/\/maryzgallery.com\/?post_type=product&#038;p=301"},"modified":"2025-07-13T01:49:06","modified_gmt":"2025-07-13T01:49:06","slug":"a-la-par","status":"publish","type":"product","link":"https:\/\/maryzgallery.com\/en\/product\/a-la-par\/","title":{"rendered":"A la par 1"},"content":{"rendered":"<p>Descripci\u00f3n: Esta obra combina materiales org\u00e1nicos y tradicionales para explorar las texturas y tonalidades \u00fanicas que surgen de la interacci\u00f3n entre el enduido, la pintura acr\u00edlica y el caf\u00e9. La propuesta art\u00edstica refleja un di\u00e1logo entre lo cotidiano y lo expresivo, resaltando la versatilidad de los materiales y la sensibilidad de la naturaleza y la experimentaci\u00f3n.<\/p>\n<p><strong>Dimensiones:<\/strong> 140 x 74 cms<\/p>\n<p><strong>T\u00e9cnica:<\/strong> enduido, pintura acr\u00edlica y caf\u00e9. Terminaci\u00f3n en barniz semi &#8211; brillo.<\/p>\n<p><strong>Soporte:<\/strong> bastidor de 4 cms de espesor en madera de pino. Tela lienzo grueso 100% algod\u00f3n. 2 capas de imprimaci\u00f3n.<\/p>\n<p><strong>Marco:<\/strong> Madera de eucaliptus barnizada.<\/p>\n<p><strong>Peso<\/strong> aproximado: 5 kilos<\/p>\n<p><strong>Fecha de creaci\u00f3n:<\/strong> Setiembre de 2024.<\/p>\n<p><strong>Estilo:<\/strong> Abstracto.<\/p>\n<p><strong>Estado de conservaci\u00f3n:<\/strong> Excelente.<\/p>\n<p>&nbsp;<\/p>\n<p>&nbsp;<\/p>","protected":false},"excerpt":{"rendered":"<p>Descripci\u00f3n: Esta obra combina materiales org\u00e1nicos y tradicionales para explorar las texturas y tonalidades \u00fanicas que surgen de la interacci\u00f3n entre el enduido, la pintura acr\u00edlica y el caf\u00e9. La propuesta art\u00edstica refleja un di\u00e1logo entre lo cotidiano y lo expresivo, resaltando la versatilidad de los materiales y la sensibilidad de la naturaleza y la [&#8230;]","protected":false},"featured_media":490,"template":"","meta":{"_joinchat":[]},"product_brand":[],"product_cat":[25],"product_tag":[],"class_list":{"0":"post-301","1":"product","2":"type-product","3":"status-publish","4":"has-post-thumbnail","6":"product_cat-obras","8":"first","9":"outofstock","10":"sold-individually","11":"shipping-taxable","12":"purchasable","13":"product-type-simple"},"_links":{"self":[{"href":"https:\/\/maryzgallery.com\/en\/wp-json\/wp\/v2\/product\/301","targetHints":{"allow":["GET"]}}],"collection":[{"href":"https:\/\/maryzgallery.com\/en\/wp-json\/wp\/v2\/product"}],"about":[{"href":"https:\/\/maryzgallery.com\/en\/wp-json\/wp\/v2\/types\/product"}],"wp:featuredmedia":[{"embeddable":true,"href":"https:\/\/maryzgallery.com\/en\/wp-json\/wp\/v2\/media\/490"}],"wp:attachment":[{"href":"https:\/\/maryzgallery.com\/en\/wp-json\/wp\/v2\/media?parent=301"}],"wp:term":[{"taxonomy":"product_brand","embeddable":true,"href":"https:\/\/maryzgallery.com\/en\/wp-json\/wp\/v2\/product_brand?post=301"},{"taxonomy":"product_cat","embeddable":true,"href":"https:\/\/maryzgallery.com\/en\/wp-json\/wp\/v2\/product_cat?post=301"},{"taxonomy":"product_tag","embeddable":true,"href":"https:\/\/maryzgallery.com\/en\/wp-json\/wp\/v2\/product_tag?post=301"}],"curies":[{"name":"wp","href":"https:\/\/api.w.org\/{rel}","templated":true}]}}