{"id":397,"date":"2025-06-10T18:06:31","date_gmt":"2025-06-10T18:06:31","guid":{"rendered":"https:\/\/maryzgallery.com\/?page_id=397"},"modified":"2025-06-10T18:06:31","modified_gmt":"2025-06-10T18:06:31","slug":"envios-y-retiros","status":"publish","type":"page","link":"https:\/\/maryzgallery.com\/en\/envios-y-retiros\/","title":{"rendered":"Env\u00edos y retiros"},"content":{"rendered":"<h1>Env\u00edos y retiros<\/h1>\n<p>El costo de env\u00edo est\u00e1 incluido en las obras. Enviamos a todo el mundo v\u00eda DHL y en uruguay enviamos por UES.<\/p>","protected":false},"excerpt":{"rendered":"<p>Env\u00edos y retiros El costo de env\u00edo est\u00e1 incluido en las obras. Enviamos a todo el mundo v\u00eda DHL y en uruguay enviamos por UES.<\/p>","protected":false},"author":1,"featured_media":0,"parent":0,"menu_order":0,"comment_status":"closed","ping_status":"closed","template":"","meta":{"_joinchat":[],"footnotes":""},"class_list":["post-397","page","type-page","status-publish","hentry"],"_links":{"self":[{"href":"https:\/\/maryzgallery.com\/en\/wp-json\/wp\/v2\/pages\/397","targetHints":{"allow":["GET"]}}],"collection":[{"href":"https:\/\/maryzgallery.com\/en\/wp-json\/wp\/v2\/pages"}],"about":[{"href":"https:\/\/maryzgallery.com\/en\/wp-json\/wp\/v2\/types\/page"}],"author":[{"embeddable":true,"href":"https:\/\/maryzgallery.com\/en\/wp-json\/wp\/v2\/users\/1"}],"replies":[{"embeddable":true,"href":"https:\/\/maryzgallery.com\/en\/wp-json\/wp\/v2\/comments?post=397"}],"version-history":[{"count":1,"href":"https:\/\/maryzgallery.com\/en\/wp-json\/wp\/v2\/pages\/397\/revisions"}],"predecessor-version":[{"id":398,"href":"https:\/\/maryzgallery.com\/en\/wp-json\/wp\/v2\/pages\/397\/revisions\/398"}],"wp:attachment":[{"href":"https:\/\/maryzgallery.com\/en\/wp-json\/wp\/v2\/media?parent=397"}],"curies":[{"name":"wp","href":"https:\/\/api.w.org\/{rel}","templated":true}]}}