{"id":395,"date":"2025-06-10T18:05:24","date_gmt":"2025-06-10T18:05:24","guid":{"rendered":"https:\/\/maryzgallery.com\/?page_id=395"},"modified":"2025-06-10T18:05:24","modified_gmt":"2025-06-10T18:05:24","slug":"como-comprar","status":"publish","type":"page","link":"https:\/\/maryzgallery.com\/en\/como-comprar\/","title":{"rendered":"Como comprar"},"content":{"rendered":"<h1>Como comprar<\/h1>\n<p>Add the artwork to your shopping cart, fill out the requested information, and you can pay via PayPal or bank deposit.<\/p>","protected":false},"excerpt":{"rendered":"<p>Como comprar Agregue las obras al carro de compras, complete los datos solicitados podr\u00e1 pagar via PayPal \u00f3 dep\u00f3sito bancario.<\/p>","protected":false},"author":1,"featured_media":0,"parent":0,"menu_order":0,"comment_status":"closed","ping_status":"closed","template":"","meta":{"_joinchat":[],"footnotes":""},"class_list":["post-395","page","type-page","status-publish","hentry"],"_links":{"self":[{"href":"https:\/\/maryzgallery.com\/en\/wp-json\/wp\/v2\/pages\/395","targetHints":{"allow":["GET"]}}],"collection":[{"href":"https:\/\/maryzgallery.com\/en\/wp-json\/wp\/v2\/pages"}],"about":[{"href":"https:\/\/maryzgallery.com\/en\/wp-json\/wp\/v2\/types\/page"}],"author":[{"embeddable":true,"href":"https:\/\/maryzgallery.com\/en\/wp-json\/wp\/v2\/users\/1"}],"replies":[{"embeddable":true,"href":"https:\/\/maryzgallery.com\/en\/wp-json\/wp\/v2\/comments?post=395"}],"version-history":[{"count":1,"href":"https:\/\/maryzgallery.com\/en\/wp-json\/wp\/v2\/pages\/395\/revisions"}],"predecessor-version":[{"id":396,"href":"https:\/\/maryzgallery.com\/en\/wp-json\/wp\/v2\/pages\/395\/revisions\/396"}],"wp:attachment":[{"href":"https:\/\/maryzgallery.com\/en\/wp-json\/wp\/v2\/media?parent=395"}],"curies":[{"name":"wp","href":"https:\/\/api.w.org\/{rel}","templated":true}]}}