{"id":144,"date":"2025-05-30T16:58:06","date_gmt":"2025-05-30T16:58:06","guid":{"rendered":"https:\/\/maryzgallery.com\/?page_id=144"},"modified":"2025-07-13T01:51:20","modified_gmt":"2025-07-13T01:51:20","slug":"quien-soy","status":"publish","type":"page","link":"https:\/\/maryzgallery.com\/en\/quien-soy\/","title":{"rendered":"Qui\u00e9n soy"},"content":{"rendered":"<div class=\"row row-small\"  id=\"row-130109857\">\n\n\t<div id=\"col-922622418\" class=\"col small-12 large-12\"  >\n\t\t\t\t<div class=\"col-inner\"  >\n\t\t\t\n\t\t\t\n<div class=\"row row-collapse align-middle\"  id=\"row-1263648006\">\n\n\t<div id=\"col-1657754809\" class=\"col medium-4 small-12 large-4\"  >\n\t\t\t\t<div class=\"col-inner text-left\"  >\n\t\t\t\n\t\t\t\n\t<div class=\"img has-hover x md-x lg-x y md-y lg-y\" id=\"image_241691014\">\n\t\t\t\t\t\t\t\t<div class=\"img-inner box-shadow-3 dark\" >\n\t\t\t<img loading=\"lazy\" decoding=\"async\" width=\"648\" height=\"641\" src=\"https:\/\/maryzgallery.com\/wp-content\/uploads\/2025\/06\/mary-zina.jpeg\" class=\"attachment-original size-original\" alt=\"\" srcset=\"https:\/\/maryzgallery.com\/wp-content\/uploads\/2025\/06\/mary-zina.jpeg 648w, https:\/\/maryzgallery.com\/wp-content\/uploads\/2025\/06\/mary-zina-500x495.jpeg 500w, https:\/\/maryzgallery.com\/wp-content\/uploads\/2025\/06\/mary-zina-247x244.jpeg 247w, https:\/\/maryzgallery.com\/wp-content\/uploads\/2025\/06\/mary-zina-510x504.jpeg 510w, https:\/\/maryzgallery.com\/wp-content\/uploads\/2025\/06\/mary-zina-100x100.jpeg 100w, https:\/\/maryzgallery.com\/wp-content\/uploads\/2025\/06\/mary-zina-50x50.jpeg 50w\" sizes=\"auto, (max-width: 648px) 100vw, 648px\" \/>\t\t\t\t\t\t\n\t\t\t\t\t<\/div>\n\t\t\t\t\t\t\t\t\n<style>\n#image_241691014 {\n  width: 100%;\n}\n<\/style>\n\t<\/div>\n\t\n\t\t<\/div>\n\t\t\t\t\t<\/div>\n\n\t\n\n\t<div id=\"col-1946600943\" class=\"col medium-8 small-12 large-8\"  >\n\t\t\t\t<div class=\"col-inner text-left dark\" style=\"background-color:rgb(136, 126, 119);\" >\n\t\t\t\n\t\t\t\n\t<div id=\"text-2899234287\" class=\"text\">\n\t\t\n<h1><span style=\"font-weight: 400;\">MARIANA ZINA <\/span><\/h1>\n<p>17 DE ABRIL DE 1980 &#8211; URUGUAY<\/p>\n<p>Licenciada en Sociolog\u00eda egresada de la UDELAR<br \/>\nBailarina, docente y core\u00f3grafa de Danza Jazz<br \/>\nCreadora de Bless This Mess Uy &#8211; Interiorismo y Organizaci\u00f3n profesional de espacios<br \/>\nArtista<br \/>\n\t\t\n<style>\n#text-2899234287 {\n  font-size: 1rem;\n}\n<\/style>\n\t<\/div>\n\t\n\t\t<\/div>\n\t\t\t\t\n<style>\n#col-1946600943 > .col-inner {\n  padding: 10px 10px 10px 10px;\n}\n@media (min-width:550px) {\n  #col-1946600943 > .col-inner {\n    padding: 20px 0px 0px 40px;\n  }\n}\n@media (min-width:850px) {\n  #col-1946600943 > .col-inner {\n    padding: 20px 20px 20px 40px;\n  }\n}\n<\/style>\n\t<\/div>\n\n\t\n\n<style>\n#row-1263648006 > .col > .col-inner {\n  background-color: #d0c4bc;\n}\n<\/style>\n<\/div>\n\t\t<\/div>\n\t\t\t\t\t<\/div>\n\n\t\n\n\t<div id=\"col-1564403918\" class=\"col small-12 large-12\"  >\n\t\t\t\t<div class=\"col-inner\"  >\n\t\t\t\n\t\t\t\n<p>Mis proyectos de arte son parte de mi alma, de mi temperamento, de mi identidad. Sigo buscando, sigo probando, sigo conect\u00e1ndome y plasm\u00e1ndolo en lienzo. Mis cuadros intentan combinar la riqueza de t\u00e9cnicas varias que he podido experimentar, a ensayo o error, con variedad de materiales que intentan reflejar una conexi\u00f3n con las formas org\u00e1nicas de la vida que nos rodea. As\u00ed, voy creando composiciones que invitan a explorar sensaciones tanto visuales como t\u00e1ctiles ya que por el car\u00e1cter escult\u00f3rico de las texturas con pastina permiten explorar capas, relieves y contrastes variados.<br \/>\nLas y los invito a conocer una parte de mi a trav\u00e9s de mis obras.<\/p>\n<p>Gracias por haberse tomado el tiempo de estar aqu\u00ed y ahora permiti\u00e9ndonos vincularnos de esta manera.<\/p>\n<p>MARYZ.<\/p>\n\t\t<\/div>\n\t\t\t\t\t<\/div>\n\n\t\n<\/div>","protected":false},"excerpt":{"rendered":"","protected":false},"author":1,"featured_media":0,"parent":0,"menu_order":0,"comment_status":"closed","ping_status":"closed","template":"","meta":{"_joinchat":[],"footnotes":""},"class_list":["post-144","page","type-page","status-publish","hentry"],"_links":{"self":[{"href":"https:\/\/maryzgallery.com\/en\/wp-json\/wp\/v2\/pages\/144","targetHints":{"allow":["GET"]}}],"collection":[{"href":"https:\/\/maryzgallery.com\/en\/wp-json\/wp\/v2\/pages"}],"about":[{"href":"https:\/\/maryzgallery.com\/en\/wp-json\/wp\/v2\/types\/page"}],"author":[{"embeddable":true,"href":"https:\/\/maryzgallery.com\/en\/wp-json\/wp\/v2\/users\/1"}],"replies":[{"embeddable":true,"href":"https:\/\/maryzgallery.com\/en\/wp-json\/wp\/v2\/comments?post=144"}],"version-history":[{"count":20,"href":"https:\/\/maryzgallery.com\/en\/wp-json\/wp\/v2\/pages\/144\/revisions"}],"predecessor-version":[{"id":523,"href":"https:\/\/maryzgallery.com\/en\/wp-json\/wp\/v2\/pages\/144\/revisions\/523"}],"wp:attachment":[{"href":"https:\/\/maryzgallery.com\/en\/wp-json\/wp\/v2\/media?parent=144"}],"curies":[{"name":"wp","href":"https:\/\/api.w.org\/{rel}","templated":true}]}}